{"id":22,"date":"2021-05-13T15:45:01","date_gmt":"2021-05-13T15:45:01","guid":{"rendered":"http:\/\/utn.edu.ec\/emprendimiento\/?page_id=22"},"modified":"2021-05-13T16:50:17","modified_gmt":"2021-05-13T16:50:17","slug":"vision","status":"publish","type":"page","link":"https:\/\/emprendimiento.utn.edu.ec\/index.php\/vision\/","title":{"rendered":"VISI\u00d3N"},"content":{"rendered":"\n<p>Para el a\u00f1o 2025 la Unidad de Emprendimiento de la Universidad T\u00e9cnica del Norte, ser\u00e1 un referente institucional y regional en la ejecuci\u00f3n de proyectos de emprendimiento generados desde la academia, con el fin de satisfacer las necesidades de la comunidad y aportar al desarrollo de la provincia y del pa\u00eds.<\/p>\n","protected":false},"excerpt":{"rendered":"<p>Para el a\u00f1o 2025 la Unidad de Emprendimiento de la Universidad T\u00e9cnica del Norte, ser\u00e1 un referente institucional y regional en la ejecuci\u00f3n de proyectos de emprendimiento generados desde la academia, con<a class=\"moretag\" href=\"https:\/\/emprendimiento.utn.edu.ec\/index.php\/vision\/\">Read More&#8230;<\/a><\/p>\n","protected":false},"author":1,"featured_media":0,"parent":0,"menu_order":0,"comment_status":"closed","ping_status":"closed","template":"","meta":{"footnotes":""},"class_list":["post-22","page","type-page","status-publish","hentry"],"_links":{"self":[{"href":"https:\/\/emprendimiento.utn.edu.ec\/index.php\/wp-json\/wp\/v2\/pages\/22","targetHints":{"allow":["GET"]}}],"collection":[{"href":"https:\/\/emprendimiento.utn.edu.ec\/index.php\/wp-json\/wp\/v2\/pages"}],"about":[{"href":"https:\/\/emprendimiento.utn.edu.ec\/index.php\/wp-json\/wp\/v2\/types\/page"}],"author":[{"embeddable":true,"href":"https:\/\/emprendimiento.utn.edu.ec\/index.php\/wp-json\/wp\/v2\/users\/1"}],"replies":[{"embeddable":true,"href":"https:\/\/emprendimiento.utn.edu.ec\/index.php\/wp-json\/wp\/v2\/comments?post=22"}],"version-history":[{"count":1,"href":"https:\/\/emprendimiento.utn.edu.ec\/index.php\/wp-json\/wp\/v2\/pages\/22\/revisions"}],"predecessor-version":[{"id":24,"href":"https:\/\/emprendimiento.utn.edu.ec\/index.php\/wp-json\/wp\/v2\/pages\/22\/revisions\/24"}],"wp:attachment":[{"href":"https:\/\/emprendimiento.utn.edu.ec\/index.php\/wp-json\/wp\/v2\/media?parent=22"}],"curies":[{"name":"wp","href":"https:\/\/api.w.org\/{rel}","templated":true}]}}